{"id":37,"date":"2023-09-21T12:30:01","date_gmt":"2023-09-21T12:30:01","guid":{"rendered":"http:\/\/pankowe.it\/?page_id=37"},"modified":"2024-02-09T12:41:16","modified_gmt":"2024-02-09T11:41:16","slug":"aio","status":"publish","type":"page","link":"https:\/\/pankowe.it\/","title":{"rendered":"AiO"},"content":{"rendered":"<div  class='flex_column av-3tyb5-148228922df9b820389d626d87ba9ec1 av_one_full  avia-builder-el-0  el_before_av_hr  avia-builder-el-first  first flex_column_div  '     ><style type=\"text\/css\" data-created_by=\"avia_inline_auto\" id=\"style-css-av-ln7mywnp-013136f62ea7a6ed006b7291fc154c2a\">\n.avia-accordion.av-ln7mywnp-013136f62ea7a6ed006b7291fc154c2a{\nmax-height:430px;\n}\n.avia-accordion.av-ln7mywnp-013136f62ea7a6ed006b7291fc154c2a .aviaccordion-preview{\nwidth:25.1%;\n}\n.avia-accordion .aviaccordion-slide.av-ln7mywnp-013136f62ea7a6ed006b7291fc154c2a__0{\nleft:0%;\n}\n.avia-accordion .aviaccordion-slide.av-ln7mywnp-013136f62ea7a6ed006b7291fc154c2a__1{\nleft:25%;\n}\n.avia-accordion .aviaccordion-slide.av-ln7mywnp-013136f62ea7a6ed006b7291fc154c2a__2{\nleft:50%;\n}\n.avia-accordion .aviaccordion-slide.av-ln7mywnp-013136f62ea7a6ed006b7291fc154c2a__3{\nleft:75%;\n}\n<\/style>\n<div  id=\"accordion_slider_1\"  class='aviaccordion avia-accordion av-ln7mywnp-013136f62ea7a6ed006b7291fc154c2a aviaccordion-title-active av-slideshow-manual av-loop-once ' data-slideshow-options=\"{&quot;interval&quot;:5,&quot;autoplay&quot;:false,&quot;loop_autoplay&quot;:&quot;once&quot;}\"  itemscope=\"itemscope\" itemtype=\"https:\/\/schema.org\/Blog\" ><ul class=\"aviaccordion-inner\"><li class='aviaccordion-slide av-ln7mywnp-013136f62ea7a6ed006b7291fc154c2a__0 aviaccordion-slide-1' data-av-left='0'  itemscope=\"itemscope\" itemtype=\"https:\/\/schema.org\/CreativeWork\" ><a class='aviaccordion-slide-link noHover' href=\"https:\/\/pankowe.it\/wp-content\/uploads\/2023\/10\/70935-1030x644.jpg\" data-srcset=\"https:\/\/pankowe.it\/wp-content\/uploads\/2023\/10\/70935-1030x644.jpg 1030w, https:\/\/pankowe.it\/wp-content\/uploads\/2023\/10\/70935-300x188.jpg 300w, https:\/\/pankowe.it\/wp-content\/uploads\/2023\/10\/70935-768x480.jpg 768w, https:\/\/pankowe.it\/wp-content\/uploads\/2023\/10\/70935-1536x960.jpg 1536w, https:\/\/pankowe.it\/wp-content\/uploads\/2023\/10\/70935-1500x938.jpg 1500w, https:\/\/pankowe.it\/wp-content\/uploads\/2023\/10\/70935-705x441.jpg 705w, https:\/\/pankowe.it\/wp-content\/uploads\/2023\/10\/70935.jpg 1920w\" data-sizes=\"(max-width: 1030px) 100vw, 1030px\"  title=\"70935\" ><div class='aviaccordion-preview '><\/div><img loading=\"lazy\" decoding=\"async\" width=\"1500\" height=\"430\" src=\"https:\/\/pankowe.it\/wp-content\/uploads\/2023\/10\/70935-1500x430.jpg\" class=\"aviaccordion-image\" alt=\"\" \/><\/a><\/li><li class='aviaccordion-slide av-ln7mywnp-013136f62ea7a6ed006b7291fc154c2a__1 aviaccordion-slide-2' data-av-left='25'  itemscope=\"itemscope\" itemtype=\"https:\/\/schema.org\/CreativeWork\" ><a class='aviaccordion-slide-link noHover' href=\"https:\/\/pankowe.it\/wp-content\/uploads\/2023\/10\/5800-1030x644.jpg\" data-srcset=\"https:\/\/pankowe.it\/wp-content\/uploads\/2023\/10\/5800-1030x644.jpg 1030w, https:\/\/pankowe.it\/wp-content\/uploads\/2023\/10\/5800-300x188.jpg 300w, https:\/\/pankowe.it\/wp-content\/uploads\/2023\/10\/5800-768x480.jpg 768w, https:\/\/pankowe.it\/wp-content\/uploads\/2023\/10\/5800-1536x960.jpg 1536w, https:\/\/pankowe.it\/wp-content\/uploads\/2023\/10\/5800-1500x938.jpg 1500w, https:\/\/pankowe.it\/wp-content\/uploads\/2023\/10\/5800-705x441.jpg 705w, https:\/\/pankowe.it\/wp-content\/uploads\/2023\/10\/5800.jpg 1680w\" data-sizes=\"(max-width: 1030px) 100vw, 1030px\"  title=\"&#8211; &#8211; &#8211;\" ><div class='aviaccordion-preview '><\/div><img loading=\"lazy\" decoding=\"async\" width=\"1500\" height=\"430\" src=\"https:\/\/pankowe.it\/wp-content\/uploads\/2023\/10\/5800-1500x430.jpg\" class=\"aviaccordion-image\" alt=\"\" \/><\/a><\/li><li class='aviaccordion-slide av-ln7mywnp-013136f62ea7a6ed006b7291fc154c2a__2 aviaccordion-slide-3' data-av-left='50'  itemscope=\"itemscope\" itemtype=\"https:\/\/schema.org\/CreativeWork\" ><a class='aviaccordion-slide-link noHover' href=\"https:\/\/pankowe.it\/wp-content\/uploads\/2023\/10\/320467-1030x773.jpg\" data-srcset=\"https:\/\/pankowe.it\/wp-content\/uploads\/2023\/10\/320467-1030x773.jpg 1030w, https:\/\/pankowe.it\/wp-content\/uploads\/2023\/10\/320467-300x225.jpg 300w, https:\/\/pankowe.it\/wp-content\/uploads\/2023\/10\/320467-768x576.jpg 768w, https:\/\/pankowe.it\/wp-content\/uploads\/2023\/10\/320467-1536x1152.jpg 1536w, https:\/\/pankowe.it\/wp-content\/uploads\/2023\/10\/320467-1500x1125.jpg 1500w, https:\/\/pankowe.it\/wp-content\/uploads\/2023\/10\/320467-705x529.jpg 705w, https:\/\/pankowe.it\/wp-content\/uploads\/2023\/10\/320467.jpg 1600w\" data-sizes=\"(max-width: 1030px) 100vw, 1030px\"  title=\"320467\" ><div class='aviaccordion-preview '><\/div><img loading=\"lazy\" decoding=\"async\" width=\"1500\" height=\"430\" src=\"https:\/\/pankowe.it\/wp-content\/uploads\/2023\/10\/320467-1500x430.jpg\" class=\"aviaccordion-image\" alt=\"\" \/><\/a><\/li><li class='aviaccordion-slide av-ln7mywnp-013136f62ea7a6ed006b7291fc154c2a__3 aviaccordion-slide-4' data-av-left='75'  itemscope=\"itemscope\" itemtype=\"https:\/\/schema.org\/CreativeWork\" ><a class='aviaccordion-slide-link noHover' href=\"https:\/\/pankowe.it\/wp-content\/uploads\/2023\/10\/371064-1030x644.jpg\" data-srcset=\"https:\/\/pankowe.it\/wp-content\/uploads\/2023\/10\/371064-1030x644.jpg 1030w, https:\/\/pankowe.it\/wp-content\/uploads\/2023\/10\/371064-300x188.jpg 300w, https:\/\/pankowe.it\/wp-content\/uploads\/2023\/10\/371064-768x480.jpg 768w, https:\/\/pankowe.it\/wp-content\/uploads\/2023\/10\/371064-1536x960.jpg 1536w, https:\/\/pankowe.it\/wp-content\/uploads\/2023\/10\/371064-1500x938.jpg 1500w, https:\/\/pankowe.it\/wp-content\/uploads\/2023\/10\/371064-705x441.jpg 705w, https:\/\/pankowe.it\/wp-content\/uploads\/2023\/10\/371064.jpg 1920w\" data-sizes=\"(max-width: 1030px) 100vw, 1030px\"  title=\"371064\" ><div class='aviaccordion-preview '><\/div><img loading=\"lazy\" decoding=\"async\" width=\"1500\" height=\"430\" src=\"https:\/\/pankowe.it\/wp-content\/uploads\/2023\/10\/371064-1500x430.jpg\" class=\"aviaccordion-image\" alt=\"\" \/><\/a><\/li><\/ul><div class='aviaccordion-spacer' style='padding-bottom:28.666666666667%'><\/div><\/div><\/div>\n<div  class='hr av-4ctxt-46f572e398882ad3e7dbc759cc4c8301 hr-default  avia-builder-el-2  el_after_av_one_full  el_before_av_one_fifth '><span class='hr-inner '><span class=\"hr-inner-style\"><\/span><\/span><\/div>\n<div  class='flex_column av-2qtqt-7c40a837fbe5a1d0b8c37e22bcd14175 av_one_fifth  avia-builder-el-3  el_after_av_hr  el_before_av_one_fifth  first flex_column_div  '     ><article  class='iconbox iconbox_left av-ln7mijue-d1e5ba62cf881108437d6313a78ef81e  avia-builder-el-4  avia-builder-el-no-sibling '  itemscope=\"itemscope\" itemtype=\"https:\/\/schema.org\/CreativeWork\" ><div class=\"iconbox_content\"><header class=\"entry-content-header\"><div class=\"iconbox_icon heading-color\" aria-hidden='true' data-av_icon='\ue842' data-av_iconfont='entypo-fontello'><\/div><h3 class='iconbox_content_title '  itemprop=\"headline\" >Lokalizacja<\/h3><\/header><div class='iconbox_content_container '  itemprop=\"text\" ><p>Wojew\u00f3dztwo \u0142\u00f3dzkie<\/p>\n<\/div><\/div><footer class=\"entry-footer\"><\/footer><\/article><\/div>\n<div  class='flex_column av-1j6lp-8f69fdf2d1c58755d5138660e50f009f av_one_fifth  avia-builder-el-5  el_after_av_one_fifth  el_before_av_one_fifth  flex_column_div  '     ><article  class='iconbox iconbox_left av-lpxy6n1a-6d35c23a0f578a4a4b657990292d3f25  avia-builder-el-6  avia-builder-el-no-sibling '  itemscope=\"itemscope\" itemtype=\"https:\/\/schema.org\/CreativeWork\" ><div class=\"iconbox_content\"><header class=\"entry-content-header\"><div class=\"iconbox_icon heading-color\" aria-hidden='true' data-av_icon='\ue854' data-av_iconfont='entypo-fontello'><\/div><h3 class='iconbox_content_title '  itemprop=\"headline\" >Telefon<\/h3><\/header><div class='iconbox_content_container '  itemprop=\"text\" ><p>889 889 256<\/p>\n<\/div><\/div><footer class=\"entry-footer\"><\/footer><\/article><\/div>\n<div  class='flex_column av-23ad9-3c875781149797a5b8b640a42de9a893 av_one_fifth  avia-builder-el-7  el_after_av_one_fifth  el_before_av_one_fifth  flex_column_div  '     ><article  class='iconbox iconbox_left av-ln7mfejh-a342de8486e9e6f18e431a8f4f32f198  avia-builder-el-8  avia-builder-el-no-sibling '  itemscope=\"itemscope\" itemtype=\"https:\/\/schema.org\/CreativeWork\" ><div class=\"iconbox_content\"><header class=\"entry-content-header\"><div class=\"iconbox_icon heading-color\" aria-hidden='true' data-av_icon='\ue805' data-av_iconfont='entypo-fontello'><\/div><h3 class='iconbox_content_title '  itemprop=\"headline\" >Mail<\/h3><\/header><div class='iconbox_content_container '  itemprop=\"text\" ><p><a href=\"mailto:kontakt@pankowe.it\">kontakt@pankowe.it<\/a><\/p>\n<\/div><\/div><footer class=\"entry-footer\"><\/footer><\/article><\/div><div  class='flex_column av-1ixkp-8c17f6dd4280f10af4d55266b9f3bfb8 av_one_fifth  avia-builder-el-9  el_after_av_one_fifth  el_before_av_one_fifth  flex_column_div  '     ><article  class='iconbox iconbox_left av-ln7mh6r5-98a1bc8df23bf1ac0bf577e1cffbb9b8  avia-builder-el-10  avia-builder-el-no-sibling '  itemscope=\"itemscope\" itemtype=\"https:\/\/schema.org\/CreativeWork\" ><div class=\"iconbox_content\"><header class=\"entry-content-header\"><div class=\"iconbox_icon heading-color\" aria-hidden='true' data-av_icon='\ue862' data-av_iconfont='entypo-fontello'><\/div><h3 class='iconbox_content_title '  itemprop=\"headline\" >Dost\u0119pno\u015b\u0107<\/h3><\/header><div class='iconbox_content_container '  itemprop=\"text\" ><p>8:00 &#8211; 22:00<\/p>\n<\/div><\/div><footer class=\"entry-footer\"><\/footer><\/article><\/div><\/p>\n<div  class='flex_column av-slcl-9d1ab8f9bae70c1fd7453543edb73485 av_one_fifth  avia-builder-el-11  el_after_av_one_fifth  el_before_av_hr  flex_column_div  '     ><article  class='iconbox iconbox_left av-ln7mknbj-d26458f0a5c9768c936d71d963473ef9  avia-builder-el-12  avia-builder-el-no-sibling '  itemscope=\"itemscope\" itemtype=\"https:\/\/schema.org\/CreativeWork\" ><div class=\"iconbox_content\"><header class=\"entry-content-header\"><div class=\"iconbox_icon heading-color\" aria-hidden='true' data-av_icon='\ue833' data-av_iconfont='entypo-fontello'><\/div><h3 class='iconbox_content_title '  itemprop=\"headline\" >Opinie<\/h3><\/header><div class='iconbox_content_container '  itemprop=\"text\" ><p><a href=\"https:\/\/g.page\/r\/CeP4lsknvKgTEBM\/review\" target=\"_blank\" rel=\"noopener\">Podziel si\u0119 swoj\u0105!<\/a><\/p>\n<\/div><\/div><footer class=\"entry-footer\"><\/footer><\/article><\/div><div  class='hr av-3nre5-edd880355acdb01c10031dddfa7a6ccc hr-default  avia-builder-el-13  el_after_av_one_fifth  el_before_av_one_third '><span class='hr-inner '><span class=\"hr-inner-style\"><\/span><\/span><\/div><\/p>\n<div  class='flex_column av-3hk0h-dd3bc7ee58a861bbea16f6c7df425281 av_one_third  avia-builder-el-14  el_after_av_hr  el_before_av_two_third  first flex_column_div  '     ><style type=\"text\/css\" data-created_by=\"avia_inline_auto\" id=\"style-css-av-lo4lxys5-5669003f7fe2b3e90cee31d0e8767d23\">\n.avia-image-container.av-lo4lxys5-5669003f7fe2b3e90cee31d0e8767d23 img.avia_image{\nbox-shadow:none;\n}\n.avia-image-container.av-lo4lxys5-5669003f7fe2b3e90cee31d0e8767d23 .av-image-caption-overlay-center{\ncolor:#ffffff;\n}\n<\/style>\n<div  class='avia-image-container av-lo4lxys5-5669003f7fe2b3e90cee31d0e8767d23 av-styling- avia-align-center  avia-builder-el-15  avia-builder-el-no-sibling '   itemprop=\"image\" itemscope=\"itemscope\" itemtype=\"https:\/\/schema.org\/ImageObject\" ><div class=\"avia-image-container-inner\"><div class=\"avia-image-overlay-wrap\"><img decoding=\"async\" class='wp-image-27 avia-img-lazy-loading-not-27 avia_image ' src=\"https:\/\/pankowe.it\/wp-content\/uploads\/2023\/09\/obraz_2023-09-20_204121109-495x400.png\" alt='' title='obraz_2023-09-20_204121109'  height=\"400\" width=\"495\"  itemprop=\"thumbnailUrl\" srcset=\"https:\/\/pankowe.it\/wp-content\/uploads\/2023\/09\/obraz_2023-09-20_204121109-495x400.png 495w, https:\/\/pankowe.it\/wp-content\/uploads\/2023\/09\/obraz_2023-09-20_204121109-845x684.png 845w\" sizes=\"(max-width: 495px) 100vw, 495px\" \/><\/div><\/div><\/div><\/div>\n<div  class='flex_column av-lo4numop-2c9055bb8b614c628ba3769a8dd66ada av_two_third  avia-builder-el-16  el_after_av_one_third  el_before_av_hr  flex_column_div  '     ><section  class='av_textblock_section av-lo4lzdee-209b16c950290a7104595c7d74076a06 '   itemscope=\"itemscope\" itemtype=\"https:\/\/schema.org\/CreativeWork\" ><div class='avia_textblock'  itemprop=\"text\" ><h1>Pankowe.IT &#8211; Profesjonalne Rozwi\u0105zania w \u015awiecie Technologii<\/h1>\n<p>Jeste\u015bmy firm\u0105 Pankowe.IT, reprezentowan\u0105 przez za\u0142o\u017cyciela &#8211; Bartka. Nasze us\u0142ugi IT s\u0105 odpowiedzi\u0105 na potrzeby wsp\u00f3\u0142czesnego klienta, kt\u00f3ry wymaga nie tylko skutecznych, ale i szybkich rozwi\u0105za\u0144 w zakresie technologii.<\/p>\n<\/div><\/section><br \/>\n<section  class='av_textblock_section av-lo4m0c8x-10a9a298679ee836ec843242f6c62c84 '   itemscope=\"itemscope\" itemtype=\"https:\/\/schema.org\/CreativeWork\" ><div class='avia_textblock'  itemprop=\"text\" ><h1>Nasza oferta obejmuje:<\/h1>\n<ul>\n<li>Wsparcie w Twoim domu czy biurze &#8211; oferujemy kompleksowe us\u0142ugi zwi\u0105zane z urz\u0105dzeniami takimi jak komputery, telewizory, drukarki, routery, switche oraz wiele innych.<\/li>\n<li>Budowa i rozbudowa sieci &#8211; gwarantujemy stabilne i szybkie rozwi\u0105zania, dostosowane do indywidualnych potrzeb klienta.<\/li>\n<li>Odzyskiwanie danych &#8211; je\u015bli do\u015bwiadczy\u0142e\u015b utraty wa\u017cnych plik\u00f3w, jeste\u015bmy tu, by Ci pom\u00f3c. Dzi\u0119ki naszym narz\u0119dziom mo\u017cemy przywr\u00f3ci\u0107 Twoje cenne dane.<\/li>\n<li>Doradztwo i wdro\u017cenia &#8211; niezale\u017cnie od tego czy potrzebujesz myszki z klawiatur\u0105 lub macierzy, to jeste\u015bmy w stanie zaproponowa\u0107 rozwi\u0105zanie na miar\u0119 Twoich potrzeb.<\/li>\n<li>Migracja danych &#8211; bezproblemowo przeniesiemy Twoje informacje z jednego urz\u0105dzenia na drugie.<\/li>\n<li>Szkolenia i kursy &#8211; oferujemy szkolenia z r\u00f3\u017cnych obszar\u00f3w IT, dostosowane do poziomu zaawansowania uczestnik\u00f3w.<\/li>\n<li>Kompleksowe us\u0142ugi IT &#8211; niezale\u017cnie od Twojego problemu, jeste\u015bmy gotowi dostarczy\u0107 rozwi\u0105zanie.<\/li>\n<\/ul>\n<\/div><\/section><\/p><\/div>\n<div  class='hr av-2jwo5-9f738def27518e51f511b0a52dc01fdc hr-default  avia-builder-el-19  el_after_av_two_third  el_before_av_three_fifth '><span class='hr-inner '><span class=\"hr-inner-style\"><\/span><\/span><\/div>\n<div  class='flex_column av-2dfyd-c768000ca5e804ee969c32ded23ae932 av_three_fifth  avia-builder-el-20  el_after_av_hr  el_before_av_two_fifth  first flex_column_div  '     ><section  class='av_textblock_section av-lo4m3a2s-ee93e4675239d5bd38c3c49a8cf5aeaa '   itemscope=\"itemscope\" itemtype=\"https:\/\/schema.org\/CreativeWork\" ><div class='avia_textblock'  itemprop=\"text\" ><h1>Dlaczego warto nam zaufa\u0107?<\/h1>\n<p>Nasze do\u015bwiadczenie na rynku pozwoli\u0142o nam zrozumie\u0107 potrzeby klienta i dostosowa\u0107 ofert\u0119 do nich. Dbamy o bezpiecze\u0144stwo i prywatno\u015b\u0107 Twoich danych. Jeste\u015bmy transparentni w dzia\u0142aniu i zawsze s\u0142u\u017cymy pomoc\u0105.<\/p>\n<\/div><\/section><br \/>\n<section  class='av_textblock_section av-lo4mb7d9-e366a0bc7f5f47ce51718f356cf1c3d5 '   itemscope=\"itemscope\" itemtype=\"https:\/\/schema.org\/CreativeWork\" ><div class='avia_textblock'  itemprop=\"text\" ><h1>Dodatkowe informacje:<\/h1>\n<ul>\n<li>Zdalne wsparcie: Dla naszego klienta czas jest cenny, dlatego oferujemy wsparcie zdalne, kt\u00f3re pozwala na szybkie rozwi\u0105zanie problemu.<\/li>\n<li>Specjalna oferta dla nowych klient\u00f3w: Je\u015bli zdecydujesz si\u0119 na wsp\u00f3\u0142prac\u0119 z nami po raz pierwszy, przygotowali\u015bmy dla Ciebie specjaln\u0105 ofert\u0119.<\/li>\n<\/ul>\n<p>Je\u015bli poszukujesz rzetelnej firmy IT, kt\u00f3ra z pasj\u0105 podchodzi do ka\u017cdego zlecenia, Pankowe.IT to doskona\u0142y wyb\u00f3r. Zapraszamy do kontaktu i wsp\u00f3\u0142pracy!<\/p>\n<\/div><\/section><\/p><\/div>\n<div  class='flex_column av-1hjcd-24c64583102f1270dc8cf70c236e5e0e av_two_fifth  avia-builder-el-23  el_after_av_three_fifth  el_before_av_hr  flex_column_div  '     ><style type=\"text\/css\" data-created_by=\"avia_inline_auto\" id=\"style-css-sub-av-lo4n8uni-499ccc7f60bf3df087f43943046d0a48\">\n#top .avia-progress-bar-container .avia-progress-bar.av-lo4n92vf-9ef1cdf178309bf76bd36f593c21a929 .bar{\nwidth:92%;\n}\n#top .avia-progress-bar-container .avia-progress-bar.av-lo4n9sot-131da289b6a50e0377e87684e0ba8e82 .bar{\nwidth:100%;\n}\n#top .avia-progress-bar-container .avia-progress-bar.av-lo4n978b-982d101cca8f2f481701908da0522387 .bar{\nwidth:8%;\n}\n#top .avia-progress-bar-container .avia-progress-bar.av-lo4n9bl0-1ee52f94ac89ff73a6dbc96f67ccff1f .bar{\nwidth:97%;\n}\n#top .avia-progress-bar-container .avia-progress-bar.av-lo4n9geg-9f7309db272910ab93295d5ee69b6d2e .bar{\nwidth:93%;\n}\n#top .avia-progress-bar-container .avia-progress-bar.av-lo4n9k1o-9ac6dafed0004430561dd503cf642511 .bar{\nwidth:74%;\n}\n#top .avia-progress-bar-container .avia-progress-bar.av-lpy0ov5l-8341ed8df38df304d45537849f94ceff .bar{\nwidth:14%;\n}\n#top .avia-progress-bar-container .avia-progress-bar.av-lpy0v4hp-e3c94b45ce100440d4a612c4a72b38b2 .bar{\nwidth:98%;\n}\n<\/style>\n<div  class='avia-progress-bar-container av-lo4n8uni-499ccc7f60bf3df087f43943046d0a48 av-striped-bar av-animated-bar avia_animate_when_almost_visible  avia-builder-el-24  avia-builder-el-no-sibling '><div class='avia-progress-bar av-lo4n92vf-9ef1cdf178309bf76bd36f593c21a929 icon-bar-yes theme-color-bar theme-color-bar icon-bar-yes'><div class=\"progressbar-title-wrap\"><div class='progressbar-icon'><span class='progressbar-char' aria-hidden='true' data-av_icon='\ue83c' data-av_iconfont='entypo-fontello'><\/span><\/div><div class='progressbar-title'>Dost\u0119pne drogi kontaktu<\/div><\/div><div class=\"progress\"><div class=\"bar-outer\"><div class='bar' data-progress='92'><\/div><\/div><\/div><\/div><div class='avia-progress-bar av-lo4n9sot-131da289b6a50e0377e87684e0ba8e82 icon-bar-yes theme-color-bar theme-color-bar icon-bar-yes'><div class=\"progressbar-title-wrap\"><div class='progressbar-icon'><span class='progressbar-char' aria-hidden='true' data-av_icon='\ue82b' data-av_iconfont='entypo-fontello'><\/span><\/div><div class='progressbar-title'>Twoje zadowolenie<\/div><\/div><div class=\"progress\"><div class=\"bar-outer\"><div class='bar' data-progress='100'><\/div><\/div><\/div><\/div><div class='avia-progress-bar av-lo4n978b-982d101cca8f2f481701908da0522387 icon-bar-yes theme-color-bar theme-color-bar icon-bar-yes'><div class=\"progressbar-title-wrap\"><div class='progressbar-icon'><span class='progressbar-char' aria-hidden='true' data-av_icon='\ue862' data-av_iconfont='entypo-fontello'><\/span><\/div><div class='progressbar-title'>Zwlekanie z odpowiedzi\u0105<\/div><\/div><div class=\"progress\"><div class=\"bar-outer\"><div class='bar' data-progress='8'><\/div><\/div><\/div><\/div><div class='avia-progress-bar av-lo4n9bl0-1ee52f94ac89ff73a6dbc96f67ccff1f icon-bar-yes theme-color-bar theme-color-bar icon-bar-yes'><div class=\"progressbar-title-wrap\"><div class='progressbar-icon'><span class='progressbar-char' aria-hidden='true' data-av_icon='\ue894' data-av_iconfont='entypo-fontello'><\/span><\/div><div class='progressbar-title'>Twoje niepotrzebne wahanie si\u0119<\/div><\/div><div class=\"progress\"><div class=\"bar-outer\"><div class='bar' data-progress='97'><\/div><\/div><\/div><\/div><div class='avia-progress-bar av-lo4n9geg-9f7309db272910ab93295d5ee69b6d2e icon-bar-yes theme-color-bar theme-color-bar icon-bar-yes'><div class=\"progressbar-title-wrap\"><div class='progressbar-icon'><span class='progressbar-char' aria-hidden='true' data-av_icon='\ue864' data-av_iconfont='entypo-fontello'><\/span><\/div><div class='progressbar-title'>Kreatywno\u015b\u0107 naszego zespo\u0142u<\/div><\/div><div class=\"progress\"><div class=\"bar-outer\"><div class='bar' data-progress='93'><\/div><\/div><\/div><\/div><div class='avia-progress-bar av-lo4n9k1o-9ac6dafed0004430561dd503cf642511 icon-bar-yes theme-color-bar theme-color-bar icon-bar-yes'><div class=\"progressbar-title-wrap\"><div class='progressbar-icon'><span class='progressbar-char' aria-hidden='true' data-av_icon='\ue867' data-av_iconfont='entypo-fontello'><\/span><\/div><div class='progressbar-title'>Kontrast tej strony<\/div><\/div><div class=\"progress\"><div class=\"bar-outer\"><div class='bar' data-progress='74'><\/div><\/div><\/div><\/div><div class='avia-progress-bar av-lpy0ov5l-8341ed8df38df304d45537849f94ceff icon-bar-yes theme-color-bar theme-color-bar icon-bar-yes'><div class=\"progressbar-title-wrap\"><div class='progressbar-icon'><span class='progressbar-char' aria-hidden='true' data-av_icon='\ue8ca' data-av_iconfont='entypo-fontello'><\/span><\/div><div class='progressbar-title'>Poziom informatycznego \u017cargonu<\/div><\/div><div class=\"progress\"><div class=\"bar-outer\"><div class='bar' data-progress='14'><\/div><\/div><\/div><\/div><div class='avia-progress-bar av-lpy0v4hp-e3c94b45ce100440d4a612c4a72b38b2 icon-bar-yes theme-color-bar theme-color-bar icon-bar-yes'><div class=\"progressbar-title-wrap\"><div class='progressbar-icon'><span class='progressbar-char' aria-hidden='true' data-av_icon='\ue8cf' data-av_iconfont='entypo-fontello'><\/span><\/div><div class='progressbar-title'>Przyst\u0119pno\u015b\u0107 cen<\/div><\/div><div class=\"progress\"><div class=\"bar-outer\"><div class='bar' data-progress='98'><\/div><\/div><\/div><\/div><\/div><\/div>\n<div  class='hr av-wfxh-b5b89eb37789768a675710e648b99a3c hr-default  avia-builder-el-25  el_after_av_two_fifth  el_before_av_one_full '><span class='hr-inner '><span class=\"hr-inner-style\"><\/span><\/span><\/div>\n<div  class='flex_column av-y5yt-1bc51bcb5e4d5e176fbd9ca91ed61709 av_one_full  avia-builder-el-26  el_after_av_hr  avia-builder-el-last  first flex_column_div  '     ><form action=\"https:\/\/pankowe.it\/\" method=\"post\" data-fields-with-error=\"Found errors in the following field(s):\" class=\"avia_ajax_form av-form-labels-hidden   avia-builder-el-27  avia-builder-el-no-sibling   \" data-avia-form-id=\"1\" data-avia-redirect='' ><h3 class=''>Napisz do nas!<\/h3><fieldset><p class='  first_form  form_element form_fullwidth' id='element_avia_1_1'><label for=\"avia_1_1\">Imi\u0119 <abbr class=\"required\" title=\"required\">*<\/abbr><\/label> <input name=\"avia_1_1\" class=\"text_input is_empty\" type=\"text\" id=\"avia_1_1\" value=\"\"  placeholder='Imi\u0119*'\/><\/p><p class='  first_form  form_element form_fullwidth' id='element_avia_2_1'><label for=\"avia_2_1\">E-Mail <abbr class=\"required\" title=\"required\">*<\/abbr><\/label> <input name=\"avia_2_1\" class=\"text_input is_email\" type=\"text\" id=\"avia_2_1\" value=\"\"  placeholder='E-Mail*'\/><\/p><p class='  first_form  form_element form_fullwidth' id='element_avia_3_1'><label for=\"avia_3_1\">Temat <abbr class=\"required\" title=\"required\">*<\/abbr><\/label> <input name=\"avia_3_1\" class=\"text_input is_empty\" type=\"text\" id=\"avia_3_1\" value=\"\"  placeholder='Temat*'\/><\/p><p class='  first_form  form_element form_fullwidth av-last-visible-form-element' id='element_avia_4_1'><label for=\"avia_4_1\" class=\"textare_label hidden textare_label_avia_4_1\">Wiadomo\u015b\u0107 <abbr class=\"required\" title=\"required\">*<\/abbr><\/label><textarea  placeholder='Wiadomo\u015b\u0107*' name=\"avia_4_1\" class=\"text_area is_empty\" cols=\"40\" rows=\"7\" id=\"avia_4_1\" ><\/textarea><\/p><p class=\"hidden\"><input type=\"text\" name=\"avia_5_1\" class=\"hidden \" id=\"avia_5_1\" value=\"\" \/><\/p><p class=\"form_element \"><input type=\"hidden\" value=\"1\" name=\"avia_generated_form1\" \/><input type=\"submit\" value=\"Wy\u015blij\" class=\"button\"  data-sending-label=\"Sending\"\/><\/p><\/fieldset><\/form><div id=\"ajaxresponse_1\" class=\"ajaxresponse ajaxresponse_1 hidden\"><\/div><\/div>\n","protected":false},"excerpt":{"rendered":"","protected":false},"author":2,"featured_media":0,"parent":0,"menu_order":0,"comment_status":"closed","ping_status":"closed","template":"","meta":{"footnotes":""},"class_list":["post-37","page","type-page","status-publish","hentry"],"_links":{"self":[{"href":"https:\/\/pankowe.it\/index.php\/wp-json\/wp\/v2\/pages\/37","targetHints":{"allow":["GET"]}}],"collection":[{"href":"https:\/\/pankowe.it\/index.php\/wp-json\/wp\/v2\/pages"}],"about":[{"href":"https:\/\/pankowe.it\/index.php\/wp-json\/wp\/v2\/types\/page"}],"author":[{"embeddable":true,"href":"https:\/\/pankowe.it\/index.php\/wp-json\/wp\/v2\/users\/2"}],"replies":[{"embeddable":true,"href":"https:\/\/pankowe.it\/index.php\/wp-json\/wp\/v2\/comments?post=37"}],"version-history":[{"count":102,"href":"https:\/\/pankowe.it\/index.php\/wp-json\/wp\/v2\/pages\/37\/revisions"}],"predecessor-version":[{"id":208,"href":"https:\/\/pankowe.it\/index.php\/wp-json\/wp\/v2\/pages\/37\/revisions\/208"}],"wp:attachment":[{"href":"https:\/\/pankowe.it\/index.php\/wp-json\/wp\/v2\/media?parent=37"}],"curies":[{"name":"wp","href":"https:\/\/api.w.org\/{rel}","templated":true}]}}